{"id":14,"date":"2022-12-12T20:36:12","date_gmt":"2022-12-12T20:36:12","guid":{"rendered":"http:\/\/wooddekor.si\/?page_id=14"},"modified":"2024-07-29T08:32:53","modified_gmt":"2024-07-29T08:32:53","slug":"kontakt","status":"publish","type":"page","link":"https:\/\/wooddekor.si\/en\/kontakt\/","title":{"rendered":"Kontakt"},"content":{"rendered":"<p>Karli Kramari\u010d s. p.<\/p>\n\n\n\n<p>8000 Novo mesto<\/p>\n\n\n\n<p>D. \u0160.: 69738009<\/p>\n\n\n\n<p>Mati\u010dna \u0161tevilka: 9298207000<\/p>\n\n\n\n<p><strong>Tel.: <a href=\"tel:040559333\">040 559 333<\/a><\/strong><\/p>\n\n\n\n<p>Mail: <a href=\"mailto:wood.dekor.slo@gmail.com\">wood.dekor.slo@gmail.com<\/a><\/p>\n\n\n\n<figure class=\"wp-block-image size-full\"><img loading=\"lazy\" decoding=\"async\" width=\"512\" height=\"512\" src=\"http:\/\/wooddekor.si\/wp-content\/uploads\/2023\/01\/cropped-WoodDekor-logo-512.jpg\" alt=\"\" class=\"wp-image-78\" srcset=\"https:\/\/wooddekor.si\/wp-content\/uploads\/2023\/01\/cropped-WoodDekor-logo-512.jpg 512w, https:\/\/wooddekor.si\/wp-content\/uploads\/2023\/01\/cropped-WoodDekor-logo-512-300x300.jpg 300w, https:\/\/wooddekor.si\/wp-content\/uploads\/2023\/01\/cropped-WoodDekor-logo-512-150x150.jpg 150w, https:\/\/wooddekor.si\/wp-content\/uploads\/2023\/01\/cropped-WoodDekor-logo-512-12x12.jpg 12w, https:\/\/wooddekor.si\/wp-content\/uploads\/2023\/01\/cropped-WoodDekor-logo-512-100x100.jpg 100w, https:\/\/wooddekor.si\/wp-content\/uploads\/2023\/01\/cropped-WoodDekor-logo-512-270x270.jpg 270w, https:\/\/wooddekor.si\/wp-content\/uploads\/2023\/01\/cropped-WoodDekor-logo-512-192x192.jpg 192w, https:\/\/wooddekor.si\/wp-content\/uploads\/2023\/01\/cropped-WoodDekor-logo-512-180x180.jpg 180w, https:\/\/wooddekor.si\/wp-content\/uploads\/2023\/01\/cropped-WoodDekor-logo-512-32x32.jpg 32w\" sizes=\"auto, (max-width: 512px) 100vw, 512px\" \/><\/figure>","protected":false},"excerpt":{"rendered":"<p>Karli Kramari\u010d s. p. 8000 Novo mesto D. \u0160.: 69738009 Mati\u010dna \u0161tevilka: 9298207000 Tel.: 040 559 333 Mail: wood.dekor.slo@gmail.com<\/p>","protected":false},"author":1,"featured_media":0,"parent":0,"menu_order":0,"comment_status":"closed","ping_status":"closed","template":"","meta":{"footnotes":""},"class_list":["post-14","page","type-page","status-publish","hentry"],"_links":{"self":[{"href":"https:\/\/wooddekor.si\/en\/wp-json\/wp\/v2\/pages\/14","targetHints":{"allow":["GET"]}}],"collection":[{"href":"https:\/\/wooddekor.si\/en\/wp-json\/wp\/v2\/pages"}],"about":[{"href":"https:\/\/wooddekor.si\/en\/wp-json\/wp\/v2\/types\/page"}],"author":[{"embeddable":true,"href":"https:\/\/wooddekor.si\/en\/wp-json\/wp\/v2\/users\/1"}],"replies":[{"embeddable":true,"href":"https:\/\/wooddekor.si\/en\/wp-json\/wp\/v2\/comments?post=14"}],"version-history":[{"count":6,"href":"https:\/\/wooddekor.si\/en\/wp-json\/wp\/v2\/pages\/14\/revisions"}],"predecessor-version":[{"id":197,"href":"https:\/\/wooddekor.si\/en\/wp-json\/wp\/v2\/pages\/14\/revisions\/197"}],"wp:attachment":[{"href":"https:\/\/wooddekor.si\/en\/wp-json\/wp\/v2\/media?parent=14"}],"curies":[{"name":"wp","href":"https:\/\/api.w.org\/{rel}","templated":true}]}}