{"id":9,"date":"2022-12-12T20:31:20","date_gmt":"2022-12-12T20:31:20","guid":{"rendered":"http:\/\/wooddekor.si\/?page_id=9"},"modified":"2022-12-18T22:23:08","modified_gmt":"2022-12-18T22:23:08","slug":"o-meni","status":"publish","type":"page","link":"https:\/\/wooddekor.si\/en\/o-meni\/","title":{"rendered":"O nas"},"content":{"rendered":"<p>\u017de od rane mladosti smo v stiku z naravo, zato je obdelava lesa zgodba za katero smo za\u010dutili,<br>da jo moramo razviti v svoje sanje.<br>Wood Dekor je manj\u0161e dru\u017einsko podjetje, ki bo na\u0161e produkte izpod na\u0161ih rok izpopolnilo v<br>prostorih va\u0161ih domov.<\/p>\n\n\n\n<h2 class=\"wp-block-heading\">VIZIJA<\/h2>\n\n\n\n<p>Na\u0161a vizija je postati uspe\u0161no podjetje unikatnih lesenih dekorativnih izdelkov na slovenskem<br>in tujem trgu.<\/p>\n\n\n\n<h2 class=\"wp-block-heading\">POSLANSTVO<\/h2>\n\n\n\n<p>Smo dru\u017ebeno odgovorno podjetje, kjer iz lepot lesa nastanejo unikatni leseni izdelki, ki so<br>plod ljubezni in domi\u0161ljije ter zadovoljstvo v domu na\u0161ih strank.<br>Vsak produkt je unikaten, nima dolo\u010denih standardov in normativov. Uresni\u010ditev idej stranke<br>nam pomeni zadovoljstvo, pristopi so individualni.<\/p>\n\n\n\n<h2 class=\"wp-block-heading\">SLOGAN<\/h2>\n\n\n\n<p>\u00bbUnikat je plod domi\u0161ljije\u00ab<\/p>\n\n\n\n<figure class=\"wp-block-image size-large\"><img loading=\"lazy\" decoding=\"async\" width=\"1024\" height=\"695\" src=\"http:\/\/wooddekor.si\/wp-content\/uploads\/2022\/12\/karli-kramaric-wood-dekor-opt1-1024x695.jpg\" alt=\"\" class=\"wp-image-10\" srcset=\"https:\/\/wooddekor.si\/wp-content\/uploads\/2022\/12\/karli-kramaric-wood-dekor-opt1-1024x695.jpg 1024w, https:\/\/wooddekor.si\/wp-content\/uploads\/2022\/12\/karli-kramaric-wood-dekor-opt1-600x407.jpg 600w, https:\/\/wooddekor.si\/wp-content\/uploads\/2022\/12\/karli-kramaric-wood-dekor-opt1-300x204.jpg 300w, https:\/\/wooddekor.si\/wp-content\/uploads\/2022\/12\/karli-kramaric-wood-dekor-opt1-768x521.jpg 768w, https:\/\/wooddekor.si\/wp-content\/uploads\/2022\/12\/karli-kramaric-wood-dekor-opt1-1536x1043.jpg 1536w, https:\/\/wooddekor.si\/wp-content\/uploads\/2022\/12\/karli-kramaric-wood-dekor-opt1-18x12.jpg 18w, https:\/\/wooddekor.si\/wp-content\/uploads\/2022\/12\/karli-kramaric-wood-dekor-opt1-850x577.jpg 850w, https:\/\/wooddekor.si\/wp-content\/uploads\/2022\/12\/karli-kramaric-wood-dekor-opt1.jpg 1600w\" sizes=\"auto, (max-width: 1024px) 100vw, 1024px\" \/><\/figure>\n\n\n\n<p><\/p>","protected":false},"excerpt":{"rendered":"<p>\u017de od rane mladosti smo v stiku z naravo, zato je obdelava lesa zgodba za katero smo za\u010dutili,da jo moramo razviti v svoje sanje.Wood Dekor je manj\u0161e dru\u017einsko podjetje, ki bo na\u0161e produkte izpod na\u0161ih rok izpopolnilo vprostorih va\u0161ih domov. VIZIJA Na\u0161a vizija je postati uspe\u0161no podjetje unikatnih lesenih dekorativnih izdelkov na slovenskemin tujem trgu&#8230;.<\/p>","protected":false},"author":1,"featured_media":0,"parent":0,"menu_order":0,"comment_status":"closed","ping_status":"closed","template":"","meta":{"footnotes":""},"class_list":["post-9","page","type-page","status-publish","hentry"],"_links":{"self":[{"href":"https:\/\/wooddekor.si\/en\/wp-json\/wp\/v2\/pages\/9","targetHints":{"allow":["GET"]}}],"collection":[{"href":"https:\/\/wooddekor.si\/en\/wp-json\/wp\/v2\/pages"}],"about":[{"href":"https:\/\/wooddekor.si\/en\/wp-json\/wp\/v2\/types\/page"}],"author":[{"embeddable":true,"href":"https:\/\/wooddekor.si\/en\/wp-json\/wp\/v2\/users\/1"}],"replies":[{"embeddable":true,"href":"https:\/\/wooddekor.si\/en\/wp-json\/wp\/v2\/comments?post=9"}],"version-history":[{"count":2,"href":"https:\/\/wooddekor.si\/en\/wp-json\/wp\/v2\/pages\/9\/revisions"}],"predecessor-version":[{"id":41,"href":"https:\/\/wooddekor.si\/en\/wp-json\/wp\/v2\/pages\/9\/revisions\/41"}],"wp:attachment":[{"href":"https:\/\/wooddekor.si\/en\/wp-json\/wp\/v2\/media?parent=9"}],"curies":[{"name":"wp","href":"https:\/\/api.w.org\/{rel}","templated":true}]}}