{"id":132,"date":"2023-01-10T22:58:37","date_gmt":"2023-01-10T22:58:37","guid":{"rendered":"https:\/\/wooddekor.si\/?post_type=product&#038;p=132"},"modified":"2023-01-10T22:58:37","modified_gmt":"2023-01-10T22:58:37","slug":"ogledalo-zamet","status":"publish","type":"product","link":"https:\/\/wooddekor.si\/en\/product\/ogledalo-zamet\/","title":{"rendered":"Ogledalo \u017eamet"},"content":{"rendered":"<p>Ogledalo \u017eamet bo polep\u0161alo va\u0161 dom.<\/p>\n<p>Zunanja mera ogledala: D: 71 cm, \u0160: 63 cm<\/p>\n<p>Notranja mera ogledala: D: 39 cm, \u0160: 47 cm<\/p>","protected":false},"excerpt":{"rendered":"<p>Ogledalo \u017eamet bo polep\u0161alo va\u0161 dom.<\/p>","protected":false},"featured_media":133,"comment_status":"open","ping_status":"closed","template":"","meta":[],"product_cat":[50],"product_tag":[49,51],"class_list":{"0":"post-132","1":"product","2":"type-product","3":"status-publish","4":"has-post-thumbnail","6":"product_cat-ogledala","7":"product_tag-ogledalo","8":"product_tag-zamet","10":"first","11":"instock","12":"taxable","13":"shipping-taxable","14":"purchasable","15":"product-type-simple"},"_links":{"self":[{"href":"https:\/\/wooddekor.si\/en\/wp-json\/wp\/v2\/product\/132","targetHints":{"allow":["GET"]}}],"collection":[{"href":"https:\/\/wooddekor.si\/en\/wp-json\/wp\/v2\/product"}],"about":[{"href":"https:\/\/wooddekor.si\/en\/wp-json\/wp\/v2\/types\/product"}],"replies":[{"embeddable":true,"href":"https:\/\/wooddekor.si\/en\/wp-json\/wp\/v2\/comments?post=132"}],"wp:featuredmedia":[{"embeddable":true,"href":"https:\/\/wooddekor.si\/en\/wp-json\/wp\/v2\/media\/133"}],"wp:attachment":[{"href":"https:\/\/wooddekor.si\/en\/wp-json\/wp\/v2\/media?parent=132"}],"wp:term":[{"taxonomy":"product_cat","embeddable":true,"href":"https:\/\/wooddekor.si\/en\/wp-json\/wp\/v2\/product_cat?post=132"},{"taxonomy":"product_tag","embeddable":true,"href":"https:\/\/wooddekor.si\/en\/wp-json\/wp\/v2\/product_tag?post=132"}],"curies":[{"name":"wp","href":"https:\/\/api.w.org\/{rel}","templated":true}]}}