{"id":159,"date":"2023-01-22T18:29:13","date_gmt":"2023-01-22T18:29:13","guid":{"rendered":"https:\/\/wooddekor.si\/?post_type=product&#038;p=159"},"modified":"2023-01-23T22:33:24","modified_gmt":"2023-01-23T22:33:24","slug":"stol-oreh","status":"publish","type":"product","link":"https:\/\/wooddekor.si\/en\/product\/stol-oreh\/","title":{"rendered":"Stol Oreh"},"content":{"rendered":"<p>Stol Oreh\u00a0je izdelan iz segmentnih orehovih desk, grobo bru\u0161en.<\/p>\n<p>Za\u0161\u010ditni premaz: orehovo olje<\/p>\n<p>Te\u017ea:10 kg<\/p>","protected":false},"excerpt":{"rendered":"<p>Stol Oreh\u00a0je izdelan iz segmentnih orehovih desk, grobo bru\u0161en. Za\u0161\u010ditni premaz: orehovo olje Te\u017ea:10 kg<\/p>","protected":false},"featured_media":161,"comment_status":"open","ping_status":"closed","template":"","meta":[],"product_cat":[17],"product_tag":[33,62],"class_list":{"0":"post-159","1":"product","2":"type-product","3":"status-publish","4":"has-post-thumbnail","6":"product_cat-gospodinjstvo","7":"product_tag-oreh","8":"product_tag-stol","10":"first","11":"instock","12":"taxable","13":"shipping-taxable","14":"purchasable","15":"product-type-simple"},"_links":{"self":[{"href":"https:\/\/wooddekor.si\/en\/wp-json\/wp\/v2\/product\/159","targetHints":{"allow":["GET"]}}],"collection":[{"href":"https:\/\/wooddekor.si\/en\/wp-json\/wp\/v2\/product"}],"about":[{"href":"https:\/\/wooddekor.si\/en\/wp-json\/wp\/v2\/types\/product"}],"replies":[{"embeddable":true,"href":"https:\/\/wooddekor.si\/en\/wp-json\/wp\/v2\/comments?post=159"}],"wp:featuredmedia":[{"embeddable":true,"href":"https:\/\/wooddekor.si\/en\/wp-json\/wp\/v2\/media\/161"}],"wp:attachment":[{"href":"https:\/\/wooddekor.si\/en\/wp-json\/wp\/v2\/media?parent=159"}],"wp:term":[{"taxonomy":"product_cat","embeddable":true,"href":"https:\/\/wooddekor.si\/en\/wp-json\/wp\/v2\/product_cat?post=159"},{"taxonomy":"product_tag","embeddable":true,"href":"https:\/\/wooddekor.si\/en\/wp-json\/wp\/v2\/product_tag?post=159"}],"curies":[{"name":"wp","href":"https:\/\/api.w.org\/{rel}","templated":true}]}}