{"id":49,"date":"2023-01-22T20:40:27","date_gmt":"2023-01-22T20:40:27","guid":{"rendered":"https:\/\/wooddekor.si\/?post_type=product&#038;p=49"},"modified":"2023-01-23T22:27:19","modified_gmt":"2023-01-23T22:27:19","slug":"orehova-skleda","status":"publish","type":"product","link":"https:\/\/wooddekor.si\/en\/product\/orehova-skleda\/","title":{"rendered":"Orehova skleda"},"content":{"rendered":"<p>Ro\u010dno narejena skleda za sadje je izdelana iz najbolj\u0161ega slovenskega orehovega lesa.<\/p>\n<p>Tehnika obdelave lesa: stru\u017eenje<\/p>\n<p>Dimenzije V: 27,5 cm<\/p>\n<p>Premer zgornjega dela: 39 cm<\/p>\n<p>Premer spodnjega dela: 27 cm<\/p>","protected":false},"excerpt":{"rendered":"<p>Ro\u010dno narejena skleda za sadje je izdelana iz najbolj\u0161ega slovenskega orehovega lesa. Tehnika obdelave lesa: stru\u017eenje Dimenzije V: 27,5 cm Premer zgornjega dela: 39 cm Premer spodnjega dela: 27 cm<\/p>","protected":false},"featured_media":50,"comment_status":"open","ping_status":"closed","template":"","meta":[],"product_cat":[17],"product_tag":[60],"class_list":{"0":"post-49","1":"product","2":"type-product","3":"status-publish","4":"has-post-thumbnail","6":"product_cat-gospodinjstvo","7":"product_tag-orehova-skleda","9":"first","10":"instock","11":"taxable","12":"shipping-taxable","13":"purchasable","14":"product-type-simple"},"_links":{"self":[{"href":"https:\/\/wooddekor.si\/en\/wp-json\/wp\/v2\/product\/49","targetHints":{"allow":["GET"]}}],"collection":[{"href":"https:\/\/wooddekor.si\/en\/wp-json\/wp\/v2\/product"}],"about":[{"href":"https:\/\/wooddekor.si\/en\/wp-json\/wp\/v2\/types\/product"}],"replies":[{"embeddable":true,"href":"https:\/\/wooddekor.si\/en\/wp-json\/wp\/v2\/comments?post=49"}],"wp:featuredmedia":[{"embeddable":true,"href":"https:\/\/wooddekor.si\/en\/wp-json\/wp\/v2\/media\/50"}],"wp:attachment":[{"href":"https:\/\/wooddekor.si\/en\/wp-json\/wp\/v2\/media?parent=49"}],"wp:term":[{"taxonomy":"product_cat","embeddable":true,"href":"https:\/\/wooddekor.si\/en\/wp-json\/wp\/v2\/product_cat?post=49"},{"taxonomy":"product_tag","embeddable":true,"href":"https:\/\/wooddekor.si\/en\/wp-json\/wp\/v2\/product_tag?post=49"}],"curies":[{"name":"wp","href":"https:\/\/api.w.org\/{rel}","templated":true}]}}