{"id":61,"date":"2023-01-22T21:54:21","date_gmt":"2023-01-22T21:54:21","guid":{"rendered":"https:\/\/wooddekor.si\/?post_type=product&#038;p=61"},"modified":"2023-01-23T22:22:56","modified_gmt":"2023-01-23T22:22:56","slug":"svetilka-marie","status":"publish","type":"product","link":"https:\/\/wooddekor.si\/en\/product\/svetilka-marie\/","title":{"rendered":"Svetilka Marie"},"content":{"rendered":"<p>Naj va\u0161o no\u010dno omarico krasi \u010dudovita namizna svetilka z lesenim podno\u017ejem. Ro\u010dno delo in slovenski les.<\/p>\n<p>Svetilka Marie je sestavljena iz lesa \u010de\u0161nje, hru\u0161ke in javorja.<\/p>\n<p>Tehnika obdelave lesa: stru\u017eenje<\/p>\n<p>Dimenzija: V: 70 cm, \u0160: 20 cm<\/p>","protected":false},"excerpt":{"rendered":"<p>Svetilka Marie je sestavljena iz lesa \u010de\u0161nje, hru\u0161ke in javorja.<\/p>","protected":false},"featured_media":62,"comment_status":"open","ping_status":"closed","template":"","meta":[],"product_cat":[19],"product_tag":[56,27],"class_list":{"0":"post-61","1":"product","2":"type-product","3":"status-publish","4":"has-post-thumbnail","6":"product_cat-luci","7":"product_tag-marie","8":"product_tag-namizna-svetilka","10":"first","11":"instock","12":"taxable","13":"shipping-taxable","14":"purchasable","15":"product-type-simple"},"_links":{"self":[{"href":"https:\/\/wooddekor.si\/en\/wp-json\/wp\/v2\/product\/61","targetHints":{"allow":["GET"]}}],"collection":[{"href":"https:\/\/wooddekor.si\/en\/wp-json\/wp\/v2\/product"}],"about":[{"href":"https:\/\/wooddekor.si\/en\/wp-json\/wp\/v2\/types\/product"}],"replies":[{"embeddable":true,"href":"https:\/\/wooddekor.si\/en\/wp-json\/wp\/v2\/comments?post=61"}],"wp:featuredmedia":[{"embeddable":true,"href":"https:\/\/wooddekor.si\/en\/wp-json\/wp\/v2\/media\/62"}],"wp:attachment":[{"href":"https:\/\/wooddekor.si\/en\/wp-json\/wp\/v2\/media?parent=61"}],"wp:term":[{"taxonomy":"product_cat","embeddable":true,"href":"https:\/\/wooddekor.si\/en\/wp-json\/wp\/v2\/product_cat?post=61"},{"taxonomy":"product_tag","embeddable":true,"href":"https:\/\/wooddekor.si\/en\/wp-json\/wp\/v2\/product_tag?post=61"}],"curies":[{"name":"wp","href":"https:\/\/api.w.org\/{rel}","templated":true}]}}