{"id":89,"date":"2023-01-22T20:42:10","date_gmt":"2023-01-22T20:42:10","guid":{"rendered":"https:\/\/wooddekor.si\/?post_type=product&#038;p=89"},"modified":"2023-01-23T22:39:26","modified_gmt":"2023-01-23T22:39:26","slug":"svecnik-japan","status":"publish","type":"product","link":"https:\/\/wooddekor.si\/en\/product\/svecnik-japan\/","title":{"rendered":"Sve\u010dnik Japan"},"content":{"rendered":"<p>Izdelek vsebuje 3 sve\u010dnike. Ro\u010dno izdelan sve\u010dnik iz lesenih vej.<\/p>\n<p>Dimenzije<\/p>\n<ul>\n<li>Najmanj\u0161i sve\u010dnik: D: 12cm, \u0160: 12 cm, V: cca 7cm (5 \u20ac)<\/li>\n<li>Srednji: D: 16cm, \u0160: 16 cm, V: cca 7cm (10 \u20ac)<\/li>\n<li>Najve\u010dji: D: 21cm, \u0160:21 cm, V: cca 7 cm (15 \u20ac)<\/li>\n<\/ul>\n<p>CENA: 25 \u20ac (za komplet, prilo\u017eene 3 sve\u010dke)<\/p>\n<p>V primeru posameznega nakupa so cene pripisane ob merah.<\/p>","protected":false},"excerpt":{"rendered":"<p>Izdelek vsebuje 3 sve\u010dnike. Ro\u010dno izdelan sve\u010dnik iz lesenih vej.<\/p>","protected":false},"featured_media":93,"comment_status":"open","ping_status":"closed","template":"","meta":[],"product_cat":[22],"product_tag":[32,31],"class_list":{"0":"post-89","1":"product","2":"type-product","3":"status-publish","4":"has-post-thumbnail","6":"product_cat-svecniki","7":"product_tag-japan","8":"product_tag-svecnik","10":"first","11":"instock","12":"taxable","13":"shipping-taxable","14":"purchasable","15":"product-type-simple"},"_links":{"self":[{"href":"https:\/\/wooddekor.si\/en\/wp-json\/wp\/v2\/product\/89","targetHints":{"allow":["GET"]}}],"collection":[{"href":"https:\/\/wooddekor.si\/en\/wp-json\/wp\/v2\/product"}],"about":[{"href":"https:\/\/wooddekor.si\/en\/wp-json\/wp\/v2\/types\/product"}],"replies":[{"embeddable":true,"href":"https:\/\/wooddekor.si\/en\/wp-json\/wp\/v2\/comments?post=89"}],"wp:featuredmedia":[{"embeddable":true,"href":"https:\/\/wooddekor.si\/en\/wp-json\/wp\/v2\/media\/93"}],"wp:attachment":[{"href":"https:\/\/wooddekor.si\/en\/wp-json\/wp\/v2\/media?parent=89"}],"wp:term":[{"taxonomy":"product_cat","embeddable":true,"href":"https:\/\/wooddekor.si\/en\/wp-json\/wp\/v2\/product_cat?post=89"},{"taxonomy":"product_tag","embeddable":true,"href":"https:\/\/wooddekor.si\/en\/wp-json\/wp\/v2\/product_tag?post=89"}],"curies":[{"name":"wp","href":"https:\/\/api.w.org\/{rel}","templated":true}]}}